{"id":9,"date":"2023-12-15T15:34:33","date_gmt":"2023-12-15T15:34:33","guid":{"rendered":"https:\/\/zattasports.com\/?page_id=9"},"modified":"2026-01-29T16:30:51","modified_gmt":"2026-01-29T19:30:51","slug":"about","status":"publish","type":"page","link":"https:\/\/zattasports.com\/pt_br\/about\/","title":{"rendered":"Sobre"},"content":{"rendered":"\n<p>A <strong>Zatta<\/strong> \u00e9 um espa\u00e7o digital criado para quem vive conectado \u00e0s tend\u00eancias, \u00e0 inova\u00e7\u00e3o e ao movimento. Nosso site re\u00fane conte\u00fados e experi\u00eancias sobre <strong>moda<\/strong>, <strong>e-commerce<\/strong>, <strong>aplicativos<\/strong>, <strong>esportes<\/strong> e muito mais, sempre com um olhar atual, pr\u00e1tico e inspirador.<\/p>\n\n\n\n<p>Acreditamos que estilo, tecnologia e performance fazem parte do mesmo ecossistema. Por isso, exploramos desde novidades do mundo fashion e do com\u00e9rcio digital at\u00e9 solu\u00e7\u00f5es em apps, h\u00e1bitos esportivos e tend\u00eancias que impactam o dia a dia das pessoas.<\/p>\n\n\n\n<p>A Zatta nasce com o prop\u00f3sito de informar, conectar e facilitar. Seja para descobrir novas ideias, acompanhar lan\u00e7amentos, entender o mercado digital ou se inspirar em um estilo de vida mais ativo e conectado, aqui voc\u00ea encontra conte\u00fado relevante em um s\u00f3 lugar.<\/p>\n\n\n\n<p>Estamos em constante evolu\u00e7\u00e3o, assim como o mundo ao nosso redor. <strong>Zatta \u00e9 sobre movimento, inova\u00e7\u00e3o e escolhas inteligentes.<\/strong><\/p>\n\n\n\n<p>Bem-vindo \u00e0 Zatta.<\/p>\n","protected":false},"excerpt":{"rendered":"<p>A Zatta \u00e9 um espa\u00e7o digital criado para quem vive conectado \u00e0s tend\u00eancias, \u00e0 inova\u00e7\u00e3o e ao movimento. Nosso site re\u00fane conte\u00fados&#8230;<\/p>\n","protected":false},"author":1,"featured_media":0,"parent":0,"menu_order":0,"comment_status":"closed","ping_status":"closed","template":"","meta":{"footnotes":""},"class_list":["post-9","page","type-page","status-publish","hentry","entry"],"_links":{"self":[{"href":"https:\/\/zattasports.com\/pt_br\/wp-json\/wp\/v2\/pages\/9","targetHints":{"allow":["GET"]}}],"collection":[{"href":"https:\/\/zattasports.com\/pt_br\/wp-json\/wp\/v2\/pages"}],"about":[{"href":"https:\/\/zattasports.com\/pt_br\/wp-json\/wp\/v2\/types\/page"}],"author":[{"embeddable":true,"href":"https:\/\/zattasports.com\/pt_br\/wp-json\/wp\/v2\/users\/1"}],"replies":[{"embeddable":true,"href":"https:\/\/zattasports.com\/pt_br\/wp-json\/wp\/v2\/comments?post=9"}],"version-history":[{"count":5,"href":"https:\/\/zattasports.com\/pt_br\/wp-json\/wp\/v2\/pages\/9\/revisions"}],"predecessor-version":[{"id":3628,"href":"https:\/\/zattasports.com\/pt_br\/wp-json\/wp\/v2\/pages\/9\/revisions\/3628"}],"wp:attachment":[{"href":"https:\/\/zattasports.com\/pt_br\/wp-json\/wp\/v2\/media?parent=9"}],"curies":[{"name":"wp","href":"https:\/\/api.w.org\/{rel}","templated":true}]}}