{"id":9,"date":"2023-12-15T15:34:33","date_gmt":"2023-12-15T15:34:33","guid":{"rendered":"https:\/\/zattasports.com\/?page_id=9"},"modified":"2026-01-29T16:30:51","modified_gmt":"2026-01-29T19:30:51","slug":"about","status":"publish","type":"page","link":"https:\/\/zattasports.com\/lt\/about\/","title":{"rendered":"\u012ejungta"},"content":{"rendered":"<p>A <strong>Zatta<\/strong> Tai skaitmenin\u0117 erdv\u0117, sukurta tiems, kurie gyvena susij\u0119 su tendencijomis, inovacijomis ir jud\u0117jimu. M\u016bs\u0173 svetain\u0117 sujungia turin\u012f ir patirtis apie... <strong>mada<\/strong>, <strong>elektronin\u0117 prekyba<\/strong>, <strong>parai\u0161kos<\/strong>, <strong>sportas<\/strong> ir daug daugiau, visada su aktualia, prakti\u0161ka ir \u012fkvepian\u010dia perspektyva.<\/p>\n\n\n\n<p>Tikime, kad stilius, technologijos ir na\u0161umas yra tos pa\u010dios ekosistemos dalys. Tod\u0117l tyrin\u0117jame visk\u0105 \u2013 nuo mados ir elektronin\u0117s prekybos inovacij\u0173 iki program\u0117li\u0173 sprendim\u0173, sporto \u012fpro\u010di\u0173 ir tendencij\u0173, kurios daro \u012ftak\u0105 \u017emoni\u0173 kasdieniam gyvenimui.<\/p>\n\n\n\n<p>\u201eZatta\u201c buvo sukurta siekiant informuoti, sujungti ir palengvinti veikl\u0105. Nesvarbu, ar norite atrasti nauj\u0173 id\u0117j\u0173, sekti naujausius leidimus, suprasti skaitmenin\u0119 rink\u0105, ar pasisemti \u012fkv\u0117pimo aktyvesniam ir labiau susietam gyvenimo b\u016bdui, \u010dia rasite vis\u0105 aktual\u0173 turin\u012f vienoje vietoje.<\/p>\n\n\n\n<p>Mes nuolat kintame, kaip ir mus supantis pasaulis. <strong>\u201eZatta\u201c yra apie jud\u0117jim\u0105, inovacijas ir protingus pasirinkimus.<\/strong><\/p>\n\n\n\n<p>Sveiki atvyk\u0119 \u012f Zat\u0105.<\/p>","protected":false},"excerpt":{"rendered":"<p>A Zatta \u00e9 um espa\u00e7o digital criado para quem vive conectado \u00e0s tend\u00eancias, \u00e0 inova\u00e7\u00e3o e ao movimento. Nosso site re\u00fane conte\u00fados&#8230;<\/p>","protected":false},"author":1,"featured_media":0,"parent":0,"menu_order":0,"comment_status":"closed","ping_status":"closed","template":"","meta":{"footnotes":""},"class_list":["post-9","page","type-page","status-publish","hentry","entry"],"_links":{"self":[{"href":"https:\/\/zattasports.com\/lt\/wp-json\/wp\/v2\/pages\/9","targetHints":{"allow":["GET"]}}],"collection":[{"href":"https:\/\/zattasports.com\/lt\/wp-json\/wp\/v2\/pages"}],"about":[{"href":"https:\/\/zattasports.com\/lt\/wp-json\/wp\/v2\/types\/page"}],"author":[{"embeddable":true,"href":"https:\/\/zattasports.com\/lt\/wp-json\/wp\/v2\/users\/1"}],"replies":[{"embeddable":true,"href":"https:\/\/zattasports.com\/lt\/wp-json\/wp\/v2\/comments?post=9"}],"version-history":[{"count":5,"href":"https:\/\/zattasports.com\/lt\/wp-json\/wp\/v2\/pages\/9\/revisions"}],"predecessor-version":[{"id":3628,"href":"https:\/\/zattasports.com\/lt\/wp-json\/wp\/v2\/pages\/9\/revisions\/3628"}],"wp:attachment":[{"href":"https:\/\/zattasports.com\/lt\/wp-json\/wp\/v2\/media?parent=9"}],"curies":[{"name":"wp","href":"https:\/\/api.w.org\/{rel}","templated":true}]}}