{"id":9,"date":"2023-12-15T15:34:33","date_gmt":"2023-12-15T15:34:33","guid":{"rendered":"https:\/\/zattasports.com\/?page_id=9"},"modified":"2026-01-29T16:30:51","modified_gmt":"2026-01-29T19:30:51","slug":"about","status":"publish","type":"page","link":"https:\/\/zattasports.com\/hu\/about\/","title":{"rendered":"On"},"content":{"rendered":"<p>A <strong>Zatta<\/strong> Ez egy digit\u00e1lis t\u00e9r, amelyet azok sz\u00e1m\u00e1ra hoztak l\u00e9tre, akik kapcsolatban \u00e1llnak a trendekkel, az innov\u00e1ci\u00f3val \u00e9s a mozgalommal. Weboldalunk olyan tartalmakat \u00e9s \u00e9lm\u00e9nyeket gy\u0171jt \u00f6ssze, amelyek a k\u00f6vetkez\u0151kr\u0151l sz\u00f3lnak... <strong>divat<\/strong>, <strong>e-kereskedelem<\/strong>, <strong>alkalmaz\u00e1sok<\/strong>, <strong>sport<\/strong> \u00e9s m\u00e9g sok minden m\u00e1s, mindig aktu\u00e1lis, gyakorlatias \u00e9s inspir\u00e1l\u00f3 perspekt\u00edv\u00e1val.<\/p>\n\n\n\n<p>Hisz\u00fcnk abban, hogy a st\u00edlus, a technol\u00f3gia \u00e9s a teljes\u00edtm\u00e9ny ugyanazon \u00f6kosziszt\u00e9ma r\u00e9szei. Ez\u00e9rt mindent felt\u00e1runk a divatt\u00f3l \u00e9s az e-kereskedelmi innov\u00e1ci\u00f3kt\u00f3l kezdve az alkalmaz\u00e1smegold\u00e1sokon \u00e1t a sportol\u00e1si szok\u00e1sokig \u00e9s a trendekig, amelyek hat\u00e1ssal vannak az emberek mindennapi \u00e9let\u00e9re.<\/p>\n\n\n\n<p>A Zatt\u00e1t azzal a c\u00e9llal hozt\u00e1k l\u00e9tre, hogy t\u00e1j\u00e9koztasson, kapcsolatba l\u00e9pjen \u00e9s el\u0151seg\u00edtse a fejl\u0151d\u00e9st. Ak\u00e1r \u00faj \u00f6tleteket szeretne felfedezni, ak\u00e1r \u00faj megjelen\u00e9seket k\u00f6vetni, ak\u00e1r a digit\u00e1lis piacot meg\u00e9rteni, vagy inspir\u00e1ci\u00f3t mer\u00edteni egy akt\u00edvabb \u00e9s \u00f6sszekapcsoltabb \u00e9letm\u00f3dhoz, itt egy helyen megtal\u00e1lja a relev\u00e1ns tartalmakat.<\/p>\n\n\n\n<p>Folyamatosan fejl\u0151d\u00fcnk, ak\u00e1rcsak a k\u00f6r\u00fcl\u00f6tt\u00fcnk l\u00e9v\u0151 vil\u00e1g. <strong>A Zatta a mozg\u00e1sr\u00f3l, az innov\u00e1ci\u00f3r\u00f3l \u00e9s az okos d\u00f6nt\u00e9sekr\u0151l sz\u00f3l.<\/strong><\/p>\n\n\n\n<p>\u00dcdv\u00f6zl\u00fcnk Zatt\u00e1ban.<\/p>","protected":false},"excerpt":{"rendered":"<p>A Zatta \u00e9 um espa\u00e7o digital criado para quem vive conectado \u00e0s tend\u00eancias, \u00e0 inova\u00e7\u00e3o e ao movimento. Nosso site re\u00fane conte\u00fados&#8230;<\/p>","protected":false},"author":1,"featured_media":0,"parent":0,"menu_order":0,"comment_status":"closed","ping_status":"closed","template":"","meta":{"footnotes":""},"class_list":["post-9","page","type-page","status-publish","hentry","entry"],"_links":{"self":[{"href":"https:\/\/zattasports.com\/hu\/wp-json\/wp\/v2\/pages\/9","targetHints":{"allow":["GET"]}}],"collection":[{"href":"https:\/\/zattasports.com\/hu\/wp-json\/wp\/v2\/pages"}],"about":[{"href":"https:\/\/zattasports.com\/hu\/wp-json\/wp\/v2\/types\/page"}],"author":[{"embeddable":true,"href":"https:\/\/zattasports.com\/hu\/wp-json\/wp\/v2\/users\/1"}],"replies":[{"embeddable":true,"href":"https:\/\/zattasports.com\/hu\/wp-json\/wp\/v2\/comments?post=9"}],"version-history":[{"count":5,"href":"https:\/\/zattasports.com\/hu\/wp-json\/wp\/v2\/pages\/9\/revisions"}],"predecessor-version":[{"id":3628,"href":"https:\/\/zattasports.com\/hu\/wp-json\/wp\/v2\/pages\/9\/revisions\/3628"}],"wp:attachment":[{"href":"https:\/\/zattasports.com\/hu\/wp-json\/wp\/v2\/media?parent=9"}],"curies":[{"name":"wp","href":"https:\/\/api.w.org\/{rel}","templated":true}]}}