{"id":3,"date":"2023-12-12T02:11:12","date_gmt":"2023-12-12T02:11:12","guid":{"rendered":"https:\/\/zattasports.com\/?page_id=3"},"modified":"2026-01-08T15:56:36","modified_gmt":"2026-01-08T18:56:36","slug":"privacy-policy","status":"publish","type":"page","link":"https:\/\/zattasports.com\/hu\/privacy-policy\/","title":{"rendered":"Adatv\u00e9delmi ir\u00e1nyelvek"},"content":{"rendered":"<p>Az \u00d6n adatainak v\u00e9delme nagyon fontos sz\u00e1munkra. Ez az Adatv\u00e9delmi ir\u00e1nyelv elmagyar\u00e1zza, hogyan gy\u0171jtj\u00fck, haszn\u00e1ljuk fel \u00e9s v\u00e9dj\u00fck szem\u00e9lyes adatait weboldalunkon. <strong>zattasports.com<\/strong> \u00e9s m\u00e1s, \u00e1ltalunk tulajdonolt \u00e9s \u00fczemeltetett platformokon.<\/p>\n\n\n\n<p>Weboldalunk haszn\u00e1lat\u00e1val \u00d6n elfogadja a jelen szab\u00e1lyzatban le\u00edrt gyakorlatokat.<\/p>\n\n\n\n<h2 class=\"wp-block-heading\">1. Szem\u00e9lyes adatok gy\u0171jt\u00e9se \u00e9s felhaszn\u00e1l\u00e1sa<\/h2>\n\n\n\n<p>Szem\u00e9lyes adatokat csak akkor k\u00e9r\u00fcnk, ha azok val\u00f3ban sz\u00fcks\u00e9gesek egy szolg\u00e1ltat\u00e1s vagy funkci\u00f3 biztos\u00edt\u00e1s\u00e1hoz.<br>Az adatokat leg\u00e1lis \u00e9s \u00e1tl\u00e1that\u00f3 eszk\u00f6z\u00f6kkel gy\u0171jtj\u00fck, mindig az \u00d6n tudt\u00e1val.<\/p>\n\n\n\n<p>T\u00e1j\u00e9koztatni fogjuk \u00d6nt az adatgy\u0171jt\u00e9s c\u00e9lj\u00e1r\u00f3l, az adatok felhaszn\u00e1l\u00e1s\u00e1nak m\u00f3dj\u00e1r\u00f3l \u00e9s t\u00e1rol\u00e1suk id\u0151tartam\u00e1r\u00f3l.<br>Az adatokat csak a k\u00f6vetkez\u0151kh\u00f6z sz\u00fcks\u00e9ges ideig t\u00e1roljuk:<\/p>\n\n\n\n<ul class=\"wp-block-list\">\n<li>Rendel\u00e9sek feldolgoz\u00e1sa<\/li>\n\n\n\n<li>Felhaszn\u00e1l\u00f3i fi\u00f3kok kezel\u00e9se<\/li>\n\n\n\n<li>Enged\u00e9lyezett kommunik\u00e1ci\u00f3 k\u00fcld\u00e9se<\/li>\n\n\n\n<li>Jogi k\u00f6telezetts\u00e9gek teljes\u00edt\u00e9se<\/li>\n<\/ul>\n\n\n\n<p>Technikai \u00e9s adminisztrat\u00edv int\u00e9zked\u00e9seket vezett\u00fcnk be az adataid elveszt\u00e9se, ellop\u00e1sa, jogosulatlan hozz\u00e1f\u00e9r\u00e9s, nyilv\u00e1noss\u00e1gra hozatal vagy megv\u00e1ltoztat\u00e1s elleni v\u00e9delme \u00e9rdek\u00e9ben.<\/p>\n\n\n\n<p>Szem\u00e9lyes adatokat nem osztunk meg nyilv\u00e1nosan vagy harmadik felekkel, kiv\u00e9ve, ha azt t\u00f6rv\u00e9ny \u00edrja el\u0151.<\/p>\n\n\n\n<h2 class=\"wp-block-heading\">2. Felhaszn\u00e1l\u00f3i jogok (az LGPD szerint)<\/h2>\n\n\n\n<p>Az \u00c1ltal\u00e1nos Adatv\u00e9delmi T\u00f6rv\u00e9ny (LGPD \u2013 13.709\/2018. sz. t\u00f6rv\u00e9ny) \u00e9rtelm\u00e9ben \u00d6nnek joga van a k\u00f6vetkez\u0151kh\u00f6z:<\/p>\n\n\n\n<ul class=\"wp-block-list\">\n<li>Hozz\u00e1f\u00e9r\u00e9s a szem\u00e9lyes adataihoz<\/li>\n\n\n\n<li>Jav\u00edtsa ki a hi\u00e1nyos vagy elavult inform\u00e1ci\u00f3kat.<\/li>\n\n\n\n<li>K\u00e9rje adatai t\u00f6rl\u00e9s\u00e9t.<\/li>\n\n\n\n<li>Adathordozhat\u00f3s\u00e1g k\u00e9r\u00e9se.<\/li>\n\n\n\n<li>Hozz\u00e1j\u00e1rul\u00e1s\u00e1t b\u00e1rmikor visszavonhatja.<\/li>\n\n\n\n<li>Kapjon egy\u00e9rtelm\u0171 t\u00e1j\u00e9koztat\u00e1st arr\u00f3l, hogyan haszn\u00e1lj\u00e1k fel az adatait.<\/li>\n<\/ul>\n\n\n\n<p>Ezen jogok gyakorl\u00e1s\u00e1hoz egyszer\u0171en vegye fel vel\u00fcnk a kapcsolatot az al\u00e1bbi hivatalos csatorn\u00e1n kereszt\u00fcl.<\/p>\n\n\n\n<h2 class=\"wp-block-heading\">3. Hivatalos kapcsolattart\u00e1si csatorna<\/h2>\n\n\n\n<p>Ha k\u00e9rd\u00e9se van az adatv\u00e9delemmel, az adatfelhaszn\u00e1l\u00e1ssal, az elt\u00e1vol\u00edt\u00e1si k\u00e9relmekkel vagy a jelen szab\u00e1lyzattal kapcsolatos b\u00e1rmely m\u00e1s k\u00e9rd\u00e9ssel kapcsolatban, k\u00e9rj\u00fck, vegye fel vel\u00fcnk a kapcsolatot:<\/p>\n\n\n\n<p>\ud83d\udce7 Email c\u00edm: <strong><a>gino@matterads.com<\/a><\/strong><\/p>\n\n\n\n<p>Elk\u00f6telezettek vagyunk abban, hogy minden k\u00e9r\u00e9sre az LGPD (brazil \u00e1ltal\u00e1nos adatv\u00e9delmi t\u00f6rv\u00e9ny) \u00e1ltal el\u0151\u00edrt hat\u00e1rid\u0151n bel\u00fcl v\u00e1laszoljunk.<\/p>\n\n\n\n<h2 class=\"wp-block-heading\">4. \u00c1tl\u00e1that\u00f3s\u00e1g a Google szolg\u00e1ltat\u00e1sokkal (K\u00f6telez\u0151)<\/h2>\n\n\n\n<p>Weboldalunk a Google \u00e1ltal biztos\u00edtott hirdet\u00e9si \u00e9s analitikai technol\u00f3gi\u00e1kat haszn\u00e1l.<br>A teljes \u00e1tl\u00e1that\u00f3s\u00e1g biztos\u00edt\u00e1sa \u00e9rdek\u00e9ben biztos\u00edtjuk a Google ir\u00e1nyelvei \u00e1ltal el\u0151\u00edrt k\u00f6telez\u0151 linkeket:<\/p>\n\n\n\n<p>Google Partneroldalakra vonatkoz\u00f3 ir\u00e1nyelvek:<br><a href=\"https:\/\/policies.google.com\/technologies\/partner-sites\">https:\/\/policies.google.com\/technologies\/partner-sites<\/a><\/p>\n\n\n\n<p>Google Hirdet\u00e9sek be\u00e1ll\u00edt\u00e1sai \/ Leiratkoz\u00e1s:<br><a href=\"https:\/\/www.google.com\/settings\/ads\">https:\/\/www.google.com\/settings\/ads<\/a><\/p>\n\n\n\n<p>Ezek a linkek lehet\u0151v\u00e9 teszik az adatok szem\u00e9lyre szab\u00e1s\u00e1hoz val\u00f3 felhaszn\u00e1l\u00e1s\u00e1nak szab\u00e1lyoz\u00e1s\u00e1t.<\/p>\n\n\n\n<h2 class=\"wp-block-heading\">5. S\u00fctikre vonatkoz\u00f3 szab\u00e1lyzat<\/h2>\n\n\n\n<p>Weboldalunk s\u00fctiket haszn\u00e1l a b\u00f6ng\u00e9sz\u00e9si \u00e9lm\u00e9ny jav\u00edt\u00e1sa \u00e9rdek\u00e9ben.<br>A s\u00fctik kis sz\u00f6veges f\u00e1jlok, amelyek az eszk\u00f6z\u00f6d\u00f6n t\u00e1rol\u00f3dnak, \u00e9s seg\u00edtenek megjegyezni a be\u00e1ll\u00edt\u00e1sokat, fenntartani a bejelentkez\u00e9si munkameneteket, elemezni a haszn\u00e1latot \u00e9s relev\u00e1ns hirdet\u00e9seket megjelen\u00edteni.<\/p>\n\n\n\n<h3 class=\"wp-block-heading\">Hogyan haszn\u00e1ljuk a s\u00fctiket<\/h3>\n\n\n\n<p>S\u00fctiket haszn\u00e1lunk a k\u00f6vetkez\u0151kre:<\/p>\n\n\n\n<ul class=\"wp-block-list\">\n<li>Felhaszn\u00e1l\u00f3k hiteles\u00edt\u00e9se \u00e9s munkamenetek fenntart\u00e1sa.<\/li>\n\n\n\n<li>Enged\u00e9lyezze a bev\u00e1s\u00e1rl\u00f3kos\u00e1r \u00e9s a fizet\u00e9si funkci\u00f3kat.<\/li>\n\n\n\n<li>Felhaszn\u00e1l\u00f3i be\u00e1ll\u00edt\u00e1sok megjegyz\u00e9se<\/li>\n\n\n\n<li>B\u00f6ng\u00e9sz\u00e9si viselked\u00e9s elemz\u00e9se<\/li>\n\n\n\n<li>Marketingkamp\u00e1nyok fejleszt\u00e9se<\/li>\n\n\n\n<li>\u00daj funkci\u00f3k tesztel\u00e9se (A\/B tesztel\u00e9s)<\/li>\n<\/ul>\n\n\n\n<h3 class=\"wp-block-heading\">S\u00fctik letilt\u00e1sa<\/h3>\n\n\n\n<p>A s\u00fctiket letilthatja a b\u00f6ng\u00e9sz\u0151 be\u00e1ll\u00edt\u00e1saiban.<br>Ez azonban befoly\u00e1solhatja a weboldal alapvet\u0151 funkci\u00f3it.<\/p>\n\n\n\n<h2 class=\"wp-block-heading\">6. Harmadik f\u00e9lt\u0151l sz\u00e1rmaz\u00f3 s\u00fctik (Google, k\u00f6z\u00f6ss\u00e9gi h\u00e1l\u00f3zatok \u00e9s egy\u00e9b szolg\u00e1ltat\u00e1sok)<\/h2>\n\n\n\n<p>Megb\u00edzhat\u00f3 harmadik felekt\u0151l sz\u00e1rmaz\u00f3 s\u00fctiket haszn\u00e1lhatunk, bele\u00e9rtve a k\u00f6vetkez\u0151ket:<\/p>\n\n\n\n<h3 class=\"wp-block-heading\">Google Analytics \u00e9s Google Ads<\/h3>\n\n\n\n<p>A Google s\u00fctiket a k\u00f6vetkez\u0151kre haszn\u00e1ljuk:<\/p>\n\n\n\n<ul class=\"wp-block-list\">\n<li>M\u00e9rje a forgalmat \u00e9s a felhaszn\u00e1l\u00f3i viselked\u00e9st.<\/li>\n\n\n\n<li>Szem\u00e9lyre szabott hirdet\u00e9sek megjelen\u00edt\u00e9se<\/li>\n\n\n\n<li>Jav\u00edtsa a felhaszn\u00e1l\u00f3i \u00e9lm\u00e9nyt.<\/li>\n<\/ul>\n\n\n\n<p>Tov\u00e1bbi inform\u00e1ci\u00f3 a Google s\u00fctijeir\u0151l:<br><a href=\"https:\/\/policies.google.com\/technologies\/cookies\">https:\/\/policies.google.com\/technologies\/cookies<\/a><\/p>\n\n\n\n<h3 class=\"wp-block-heading\">K\u00f6z\u00f6ss\u00e9gi h\u00e1l\u00f3zatok \u00e9s hirdet\u00e9si platformok<\/h3>\n\n\n\n<p>A s\u00fctiket a k\u00f6vetkez\u0151k is haszn\u00e1lhatj\u00e1k:<\/p>\n\n\n\n<ul class=\"wp-block-list\">\n<li>Facebook Pixel<\/li>\n\n\n\n<li>Instagram<\/li>\n\n\n\n<li>TikTok<\/li>\n\n\n\n<li>Pinterest<\/li>\n\n\n\n<li>Egy\u00e9b analitikai \u00e9s remarketing szolg\u00e1ltat\u00e1sok<\/li>\n<\/ul>\n\n\n\n<p>Minden platformnak megvan a saj\u00e1t adatv\u00e9delmi szab\u00e1lyzata.<\/p>\n\n\n\n<h2 class=\"wp-block-heading\">7. K\u00fcls\u0151 linkek<\/h2>\n\n\n\n<p>Weboldalunk tartalmazhat olyan harmadik f\u00e9l weboldalaira mutat\u00f3 linkeket, amelyeket nem mi \u00fczemeltet\u00fcnk.<br>Nem v\u00e1llalunk felel\u0151ss\u00e9get ezen k\u00fcls\u0151 weboldalak adatv\u00e9delmi gyakorlat\u00e1\u00e9rt vagy tartalm\u00e1\u00e9rt.<\/p>\n\n\n\n<h2 class=\"wp-block-heading\">8. A jelen szab\u00e1lyzat elfogad\u00e1sa<\/h2>\n\n\n\n<p>A weboldalunk tov\u00e1bbi haszn\u00e1lat\u00e1val \u00d6n tudom\u00e1sul veszi \u00e9s elfogadja ezt az Adatv\u00e9delmi ir\u00e1nyelvet \u00e9s a s\u00fctik haszn\u00e1lat\u00e1t a le\u00edrtak szerint.<\/p>\n\n\n\n<h2 class=\"wp-block-heading\">9. Szab\u00e1lyzatfriss\u00edt\u00e9sek<\/h2>\n\n\n\n<p>Adatv\u00e9delmi ir\u00e1nyelveinket b\u00e1rmikor friss\u00edthetj\u00fck. A legfrissebb verzi\u00f3 mindig el\u00e9rhet\u0151 lesz ezen az oldalon.<\/p>\n\n\n\n<h2 class=\"wp-block-heading\">10. Mesters\u00e9ges intelligencia haszn\u00e1lata<\/h2>\n\n\n\n<p>A <strong>zattasports.com<\/strong> A mesters\u00e9ges intelligencia (MI) eszk\u00f6zeit t\u00e1mogat\u00f3 er\u0151forr\u00e1sk\u00e9nt haszn\u00e1lhatod tartalmaid el\u0151\u00e1ll\u00edt\u00e1s\u00e1ban, rendszerez\u00e9s\u00e9ben \u00e9s ellen\u0151rz\u00e9s\u00e9ben. Ezeket az eszk\u00f6z\u00f6ket szerkeszt\u0151i anyagaink hat\u00e9konys\u00e1g\u00e1nak, \u00e9rthet\u0151s\u00e9g\u00e9nek \u00e9s k\u00f6vetkezetess\u00e9g\u00e9nek jav\u00edt\u00e1s\u00e1ra haszn\u00e1ljuk.<\/p>\n\n\n\n<p>A mesters\u00e9ges intelligencia technol\u00f3gi\u00e1ja nem helyettes\u00edti az emberi \u00edt\u00e9l\u0151k\u00e9pess\u00e9get vagy szerkeszt\u0151i fel\u00fcgyeletet. A weboldalon k\u00f6zz\u00e9tett \u00f6sszes tartalom... <strong>zattasports.com<\/strong> Egy emberi szerkeszt\u0151 fel\u00fclvizsg\u00e1lja, valid\u00e1lja \u00e9s hagyja j\u00f3v\u00e1, hogy biztos\u00edtsa a pontoss\u00e1got, a relevanci\u00e1t \u00e9s a min\u0151s\u00e9gi szabv\u00e1nyainkkal val\u00f3 \u00f6sszhangot.<\/p>\n\n\n\n<p>Elk\u00f6telezettek vagyunk a felel\u0151s \u00e9s \u00e1tl\u00e1that\u00f3 tartalomk\u00e9sz\u00edt\u00e9si gyakorlatok ir\u00e1nt. A mesters\u00e9ges intelligencia haszn\u00e1lata a t\u00e1mogat\u00f3 funkci\u00f3kra korl\u00e1toz\u00f3dik, \u00e9s nem vesz\u00e9lyezteti szerkeszt\u0151i integrit\u00e1sunkat, eredetis\u00e9g\u00fcnket vagy elsz\u00e1moltathat\u00f3s\u00e1gunkat.<\/p>","protected":false},"excerpt":{"rendered":"<p>Sua privacidade \u00e9 muito importante para n\u00f3s. Esta Pol\u00edtica de Privacidade explica como coletamos, usamos e protegemos seus dados pessoais em nosso&#8230;<\/p>","protected":false},"author":1,"featured_media":0,"parent":0,"menu_order":0,"comment_status":"closed","ping_status":"closed","template":"","meta":{"footnotes":""},"class_list":["post-3","page","type-page","status-publish","hentry","entry"],"_links":{"self":[{"href":"https:\/\/zattasports.com\/hu\/wp-json\/wp\/v2\/pages\/3","targetHints":{"allow":["GET"]}}],"collection":[{"href":"https:\/\/zattasports.com\/hu\/wp-json\/wp\/v2\/pages"}],"about":[{"href":"https:\/\/zattasports.com\/hu\/wp-json\/wp\/v2\/types\/page"}],"author":[{"embeddable":true,"href":"https:\/\/zattasports.com\/hu\/wp-json\/wp\/v2\/users\/1"}],"replies":[{"embeddable":true,"href":"https:\/\/zattasports.com\/hu\/wp-json\/wp\/v2\/comments?post=3"}],"version-history":[{"count":9,"href":"https:\/\/zattasports.com\/hu\/wp-json\/wp\/v2\/pages\/3\/revisions"}],"predecessor-version":[{"id":3385,"href":"https:\/\/zattasports.com\/hu\/wp-json\/wp\/v2\/pages\/3\/revisions\/3385"}],"wp:attachment":[{"href":"https:\/\/zattasports.com\/hu\/wp-json\/wp\/v2\/media?parent=3"}],"curies":[{"name":"wp","href":"https:\/\/api.w.org\/{rel}","templated":true}]}}