{"id":2,"date":"2023-12-12T02:11:12","date_gmt":"2023-12-12T02:11:12","guid":{"rendered":"https:\/\/zattasports.com\/?page_id=2"},"modified":"2026-03-03T11:09:48","modified_gmt":"2026-03-03T14:09:48","slug":"termos","status":"publish","type":"page","link":"https:\/\/zattasports.com\/hu\/termos\/","title":{"rendered":"Felhaszn\u00e1l\u00e1si felt\u00e9telek"},"content":{"rendered":"<p>O <strong>ZattaSports<\/strong> Ez egy informat\u00edv weboldal, amely tartalmakat, elemz\u00e9seket, tippeket \u00e9s inform\u00e1ci\u00f3kat k\u00e9sz\u00edt az e-kereskedelemmel kapcsolatban. <strong>Shein<\/strong>, bele\u00e9rtve a v\u00e1s\u00e1rl\u00e1ssal, prom\u00f3ci\u00f3kkal, kuponokkal, trendekkel \u00e9s fogyaszt\u00f3i \u00e9lm\u00e9nyekkel kapcsolatos \u00fatmutat\u00e1st.<\/p>\n\n\n\n<p>ZattaSports <strong>Ez nem Shein.<\/strong> e <strong>nincs hivatalos kapcsolata a m\u00e1rk\u00e1val<\/strong>, kiz\u00e1r\u00f3lag inform\u00e1ci\u00f3s \u00e9s hirdet\u00e9si port\u00e1lk\u00e9nt m\u0171k\u00f6dik.<\/p>\n\n\n\n<hr class=\"wp-block-separator has-alpha-channel-opacity\"\/>\n\n\n\n<h2 class=\"wp-block-heading\">2. Licenchaszn\u00e1lat<\/h2>\n\n\n\n<p>Enged\u00e9lyezett az anyagok (inform\u00e1ci\u00f3k vagy tartalmak) egyetlen p\u00e9ld\u00e1ny\u00e1nak ideiglenes let\u00f6lt\u00e9se a ZattaSports weboldalr\u00f3l, kiz\u00e1r\u00f3lag szem\u00e9lyes, nem kereskedelmi c\u00e9l\u00fa megtekint\u00e9sre.<\/p>\n\n\n\n<p>Ez egy licencad\u00e1s, nem pedig a tulajdonjog \u00e1truh\u00e1z\u00e1sa. A licenc \u00e9rtelm\u00e9ben \u00d6n nem jogosult a k\u00f6vetkez\u0151kre:<\/p>\n\n\n\n<ul class=\"wp-block-list\">\n<li>M\u00f3dos\u00edtsa vagy m\u00e1solja az anyagokat;<\/li>\n\n\n\n<li>Az anyagok kereskedelmi c\u00e9l\u00fa felhaszn\u00e1l\u00e1sa;<\/li>\n\n\n\n<li>Az anyagok reproduk\u00e1l\u00e1sa vagy nyilv\u00e1nos bemutat\u00e1sa (kereskedelmi vagy nem kereskedelmi c\u00e9lb\u00f3l);<\/li>\n\n\n\n<li>A weboldalon tal\u00e1lhat\u00f3 szoftverek visszafejt\u00e9s\u00e9nek vagy visszafejt\u00e9s\u00e9nek k\u00eds\u00e9rlete;<\/li>\n\n\n\n<li>Szerz\u0151i jogi vagy egy\u00e9b tulajdonosi jogi k\u00f6zlem\u00e9nyek elt\u00e1vol\u00edt\u00e1sa;<\/li>\n\n\n\n<li>Az anyagok harmadik f\u00e9lnek t\u00f6rt\u00e9n\u0151 tov\u00e1bb\u00edt\u00e1sa vagy t\u00fckr\u00f6z\u00e9se b\u00e1rmely m\u00e1s szerveren.<\/li>\n<\/ul>\n\n\n\n<p>Ez a licenc automatikusan megsz\u0171nik, ha ezen korl\u00e1toz\u00e1sok b\u00e1rmelyik\u00e9t megs\u00e9rtik, \u00e9s a ZattaSports b\u00e1rmikor felmondhatja. A licenc megsz\u0171n\u00e9sekor t\u00f6r\u00f6lnie kell az \u00d6n birtok\u00e1ban l\u00e9v\u0151 \u00f6sszes let\u00f6lt\u00f6tt anyagot, f\u00fcggetlen\u00fcl att\u00f3l, hogy az digit\u00e1lis vagy nyomtatott form\u00e1tum\u00fa.<\/p>\n\n\n\n<hr class=\"wp-block-separator has-alpha-channel-opacity\"\/>\n\n\n\n<h2 class=\"wp-block-heading\">3. Felel\u0151ss\u00e9g kiz\u00e1r\u00e1sa<\/h2>\n\n\n\n<p>A ZattaSports weboldal\u00e1n tal\u00e1lhat\u00f3 anyagokat \u201cahogy vannak\u201d alapon biztos\u00edtjuk.<\/p>\n\n\n\n<p>A ZattaSports semmilyen kifejezett vagy hallgat\u00f3lagos garanci\u00e1t nem v\u00e1llal, \u00e9s ezennel kiz\u00e1r minden szavatoss\u00e1got, bele\u00e9rtve, de nem kiz\u00e1r\u00f3lagosan:<\/p>\n\n\n\n<ul class=\"wp-block-list\">\n<li>Hallgat\u00f3lagos eladhat\u00f3s\u00e1gi garanci\u00e1k;<\/li>\n\n\n\n<li>Alkalmass\u00e1g egy adott c\u00e9lra;<\/li>\n\n\n\n<li>Nincs szellemi tulajdonjogok vagy egy\u00e9b jogok megs\u00e9rt\u00e9se.<\/li>\n<\/ul>\n\n\n\n<p>Nem garant\u00e1ljuk, hogy a Shein term\u00e9kinform\u00e1ci\u00f3i, \u00e1rai, hat\u00e1rid\u0151i, szab\u00e1lyzatai vagy prom\u00f3ci\u00f3i mindig naprak\u00e9szek, mivel ezeket az inform\u00e1ci\u00f3kat a platform el\u0151zetes \u00e9rtes\u00edt\u00e9s n\u00e9lk\u00fcl k\u00f6zvetlen\u00fcl m\u00f3dos\u00edthatja.<\/p>\n\n\n\n<hr class=\"wp-block-separator has-alpha-channel-opacity\"\/>\n\n\n\n<h2 class=\"wp-block-heading\">4. Felel\u0151ss\u00e9g korl\u00e1toz\u00e1sa<\/h2>\n\n\n\n<p>A ZattaSports vagy partnerei semmilyen k\u00f6r\u00fclm\u00e9nyek k\u00f6z\u00f6tt nem v\u00e1llalnak felel\u0151ss\u00e9get az al\u00e1bbiakb\u00f3l ered\u0151 k\u00e1rok\u00e9rt:<\/p>\n\n\n\n<ul class=\"wp-block-list\">\n<li>A weboldal haszn\u00e1lat\u00e1val vagy a haszn\u00e1lat\u00e1nak lehetetlens\u00e9g\u00e9vel kapcsolatban;<\/li>\n\n\n\n<li>Elavult inform\u00e1ci\u00f3k;<\/li>\n\n\n\n<li>A k\u00f6zz\u00e9tett tartalom felhaszn\u00e1l\u00e1s\u00e1val hozott d\u00f6nt\u00e9sek alapj\u00e1n;<\/li>\n\n\n\n<li>A Shein-en vagy harmadik f\u00e9lt\u0151l v\u00e1s\u00e1rolt term\u00e9kekkel kapcsolatos p\u00e9nz\u00fcgyi vesztes\u00e9gek.<\/li>\n<\/ul>\n\n\n\n<p>Egyes joghat\u00f3s\u00e1gok nem enged\u00e9lyezik a felel\u0151ss\u00e9g bizonyos korl\u00e1toz\u00e1sait, \u00edgy el\u0151fordulhat, hogy ezek a korl\u00e1toz\u00e1sok nem vonatkoznak \u00d6nre teljes eg\u00e9sz\u00e9ben.<\/p>\n\n\n\n<hr class=\"wp-block-separator has-alpha-channel-opacity\"\/>\n\n\n\n<h2 class=\"wp-block-heading\">5. Az inform\u00e1ci\u00f3k pontoss\u00e1ga<\/h2>\n\n\n\n<p>A k\u00f6zz\u00e9tett tartalom tartalmazhat technikai vagy tipogr\u00e1fiai hib\u00e1kat, vagy elavult lehet.<\/p>\n\n\n\n<p>A ZattaSports b\u00e1rmikor el\u0151zetes \u00e9rtes\u00edt\u00e9s n\u00e9lk\u00fcl m\u00f3dos\u00edthatja a tartalmat, de nem v\u00e1llal k\u00f6telezetts\u00e9get arra, hogy minden k\u00f6zz\u00e9tett inform\u00e1ci\u00f3t azonnal friss\u00edt.<\/p>\n\n\n\n<hr class=\"wp-block-separator has-alpha-channel-opacity\"\/>\n\n\n\n<h2 class=\"wp-block-heading\">6. Harmadik f\u00e9lhez tartoz\u00f3 linkek<\/h2>\n\n\n\n<p>A webhely tartalmazhat k\u00fcls\u0151 webhelyekre mutat\u00f3 hivatkoz\u00e1sokat, bele\u00e9rtve a Sheint \u00e9s m\u00e1s partnerplatformokat.<\/p>\n\n\n\n<p>A ZattaSports nem v\u00e1llal felel\u0151ss\u00e9get harmadik f\u00e9l weboldalainak tartalm\u00e1\u00e9rt, ir\u00e1nyelvei\u00e9rt vagy gyakorlat\u00e1\u00e9rt. Ezen weboldalak el\u00e9r\u00e9se a felhaszn\u00e1l\u00f3 saj\u00e1t felel\u0151ss\u00e9g\u00e9re t\u00f6rt\u00e9nik.<\/p>\n\n\n\n<hr class=\"wp-block-separator has-alpha-channel-opacity\"\/>\n\n\n\n<h2 class=\"wp-block-heading\">7. Rekl\u00e1m \u00e9s bev\u00e9telszerz\u00e9s<\/h2>\n\n\n\n<p>A ZattaSports jutal\u00e9kokat kaphat affiliate linkeken \u00e9s a weboldalon megjelen\u00edtett hirdet\u00e9seken kereszt\u00fcl.<\/p>\n\n\n\n<p>Ez azt jelenti, hogy k\u00e1rt\u00e9r\u00edt\u00e9st kaphatunk, ha egy felhaszn\u00e1l\u00f3 az \u00e1ltalunk aj\u00e1nlott linkeken kereszt\u00fcl v\u00e1s\u00e1rol. Ez azonban nem zavarja tartalomgy\u00e1rt\u00e1sunkat, amelynek c\u00e9lja az informat\u00edv \u00e9s \u00e1tl\u00e1that\u00f3 m\u0171k\u00f6d\u00e9s.<\/p>\n\n\n\n<p>Soha nem k\u00e9r\u00fcnk fizets\u00e9get a weboldalon k\u00f6zz\u00e9tett tartalmak, kuponok vagy inform\u00e1ci\u00f3k el\u00e9r\u00e9s\u00e9\u00e9rt. Ha ilyen k\u00e9r\u00e9st kap a nev\u00fcnkben, k\u00e9rj\u00fck, azonnal vegye fel vel\u00fcnk a kapcsolatot.<\/p>\n\n\n\n<hr class=\"wp-block-separator has-alpha-channel-opacity\"\/>\n\n\n\n<h2 class=\"wp-block-heading\">8. Szerkeszt\u0151i megjegyz\u00e9s<\/h2>\n\n\n\n<p>A ZattaSports oldalon k\u00f6zz\u00e9tett aj\u00e1nl\u00e1sok, elemz\u00e9sek \u00e9s \u00f6sszehasonl\u00edt\u00e1sok kutat\u00e1sokon, tapasztalatokon \u00e9s nyilv\u00e1nosan el\u00e9rhet\u0151 inform\u00e1ci\u00f3kon alapulnak.<\/p>\n\n\n\n<p>B\u00e1r igyeksz\u00fcnk pontos \u00e9s naprak\u00e9sz inform\u00e1ci\u00f3kat ny\u00fajtani, nem garant\u00e1ljuk a tartalom teljes pontoss\u00e1g\u00e1t, integrit\u00e1s\u00e1t vagy alkalmazhat\u00f3s\u00e1g\u00e1t minden felhaszn\u00e1l\u00f3 sz\u00e1m\u00e1ra.<\/p>\n\n\n\n<hr class=\"wp-block-separator has-alpha-channel-opacity\"\/>\n\n\n\n<h2 class=\"wp-block-heading\">9. A Felt\u00e9telek m\u00f3dos\u00edt\u00e1sai<\/h2>\n\n\n\n<p>A ZattaSports b\u00e1rmikor, el\u0151zetes \u00e9rtes\u00edt\u00e9s n\u00e9lk\u00fcl m\u00f3dos\u00edthatja ezeket a Felhaszn\u00e1l\u00e1si Felt\u00e9teleket.<\/p>\n\n\n\n<p>A webhely b\u00e1rmilyen m\u00f3dos\u00edt\u00e1s ut\u00e1ni tov\u00e1bbi haszn\u00e1lat\u00e1val \u00d6n elfogadja, hogy a jelen felt\u00e9telek legfrissebb verzi\u00f3j\u00e1t k\u00f6telez\u0151 \u00e9rv\u00e9ny\u0171nek tekinti.<\/p>\n\n\n\n<hr class=\"wp-block-separator has-alpha-channel-opacity\"\/>\n\n\n\n<h2 class=\"wp-block-heading\">10. Alkalmazand\u00f3 jog<\/h2>\n\n\n\n<p>Ezeket a Felhaszn\u00e1l\u00e1si Felt\u00e9teleket a Brazil Sz\u00f6vets\u00e9gi K\u00f6zt\u00e1rsas\u00e1g t\u00f6rv\u00e9nyei szab\u00e1lyozz\u00e1k, \u00e9s azokkal \u00f6sszhangban kell \u00e9rtelmezni, k\u00fcl\u00f6n\u00f6sen:<\/p>\n\n\n\n<ul class=\"wp-block-list\">\n<li>A szem\u00e9lyes adatok v\u00e9delm\u00e9r\u0151l sz\u00f3l\u00f3 \u00e1ltal\u00e1nos t\u00f6rv\u00e9ny (LGPD \u2013 13.709\/2018. sz. t\u00f6rv\u00e9ny);<\/li>\n\n\n\n<li>Brazil Internet Jogok Nyilatkozata (12.965\/2014. sz. t\u00f6rv\u00e9ny);<\/li>\n\n\n\n<li>Fogyaszt\u00f3v\u00e9delmi t\u00f6rv\u00e9nyk\u00f6nyv (8.078\/1990. sz. t\u00f6rv\u00e9ny), adott esetben.<\/li>\n<\/ul>\n\n\n\n<hr class=\"wp-block-separator has-alpha-channel-opacity\"\/>\n\n\n\n<h2 class=\"wp-block-heading\">11. F\u00f3rum<\/h2>\n\n\n\n<p>A jelen Felt\u00e9telekb\u0151l ered\u0151 vit\u00e1k rendez\u00e9s\u00e9re a felek a S\u00e3o Paulo-i Ker\u00fcleti B\u00edr\u00f3s\u00e1got v\u00e1lasztj\u00e1k, b\u00e1rmely m\u00e1s b\u00edr\u00f3s\u00e1g kiz\u00e1r\u00e1s\u00e1val, f\u00fcggetlen\u00fcl att\u00f3l, hogy az milyen privil\u00e9giummal rendelkezik.<\/p>\n\n\n\n<hr class=\"wp-block-separator has-alpha-channel-opacity\"\/>\n\n\n\n<p>\u00a9 2026 ZattaSports \u2013 Minden jog fenntartva.<\/p>","protected":false},"excerpt":{"rendered":"<p>O ZattaSports \u00e9 um site informativo que produz conte\u00fados, an\u00e1lises, dicas e informa\u00e7\u00f5es relacionadas ao e-commerce da Shein, incluindo orienta\u00e7\u00f5es sobre compras,&#8230;<\/p>","protected":false},"author":1,"featured_media":0,"parent":0,"menu_order":0,"comment_status":"closed","ping_status":"open","template":"","meta":{"footnotes":""},"class_list":["post-2","page","type-page","status-publish","hentry","entry"],"_links":{"self":[{"href":"https:\/\/zattasports.com\/hu\/wp-json\/wp\/v2\/pages\/2","targetHints":{"allow":["GET"]}}],"collection":[{"href":"https:\/\/zattasports.com\/hu\/wp-json\/wp\/v2\/pages"}],"about":[{"href":"https:\/\/zattasports.com\/hu\/wp-json\/wp\/v2\/types\/page"}],"author":[{"embeddable":true,"href":"https:\/\/zattasports.com\/hu\/wp-json\/wp\/v2\/users\/1"}],"replies":[{"embeddable":true,"href":"https:\/\/zattasports.com\/hu\/wp-json\/wp\/v2\/comments?post=2"}],"version-history":[{"count":3,"href":"https:\/\/zattasports.com\/hu\/wp-json\/wp\/v2\/pages\/2\/revisions"}],"predecessor-version":[{"id":3861,"href":"https:\/\/zattasports.com\/hu\/wp-json\/wp\/v2\/pages\/2\/revisions\/3861"}],"wp:attachment":[{"href":"https:\/\/zattasports.com\/hu\/wp-json\/wp\/v2\/media?parent=2"}],"curies":[{"name":"wp","href":"https:\/\/api.w.org\/{rel}","templated":true}]}}