{"id":9,"date":"2023-12-15T15:34:33","date_gmt":"2023-12-15T15:34:33","guid":{"rendered":"https:\/\/zattasports.com\/?page_id=9"},"modified":"2026-01-29T16:30:51","modified_gmt":"2026-01-29T19:30:51","slug":"about","status":"publish","type":"page","link":"https:\/\/zattasports.com\/fi\/about\/","title":{"rendered":"P\u00e4\u00e4ll\u00e4"},"content":{"rendered":"<p>A <strong>Zatta<\/strong> Se on digitaalinen tila, joka on luotu niille, jotka el\u00e4v\u00e4t yhteydess\u00e4 trendeihin, innovaatioihin ja liikkeeseen. Verkkosivustomme kokoaa yhteen sis\u00e4lt\u00f6\u00e4 ja kokemuksia... <strong>muoti<\/strong>, <strong>verkkokauppa<\/strong>, <strong>sovellukset<\/strong>, <strong>urheilu<\/strong> ja paljon muuta, aina ajankohtaisella, k\u00e4yt\u00e4nn\u00f6llisell\u00e4 ja inspiroivalla n\u00e4k\u00f6kulmalla.<\/p>\n\n\n\n<p>Uskomme, ett\u00e4 tyyli, teknologia ja suorituskyky ovat osa samaa ekosysteemi\u00e4. Siksi tutkimme kaikkea muodista ja verkkokaupan innovaatioista sovellusratkaisuihin, urheilutottumuksiin ja trendeihin, jotka vaikuttavat ihmisten jokap\u00e4iv\u00e4iseen el\u00e4m\u00e4\u00e4n.<\/p>\n\n\n\n<p>Zatta luotiin tiedottamista, yhteyksien luomista ja helpottamista varten. Halusitpa sitten l\u00f6yt\u00e4\u00e4 uusia ideoita, seurata uutuuksia, ymm\u00e4rt\u00e4\u00e4 digitaalisia markkinoita tai l\u00f6yt\u00e4\u00e4 inspiraatiota aktiivisempaan ja verkottuneempaan el\u00e4m\u00e4ntapaan, t\u00e4\u00e4lt\u00e4 l\u00f6yd\u00e4t kaiken olennaisen sis\u00e4ll\u00f6n yhdest\u00e4 paikasta.<\/p>\n\n\n\n<p>Kehitymme jatkuvasti, aivan kuten maailma ymp\u00e4rill\u00e4mme. <strong>Zattassa on kyse liikkeest\u00e4, innovaatioista ja fiksuista valinnoista.<\/strong><\/p>\n\n\n\n<p>Tervetuloa Zattaan.<\/p>","protected":false},"excerpt":{"rendered":"<p>A Zatta \u00e9 um espa\u00e7o digital criado para quem vive conectado \u00e0s tend\u00eancias, \u00e0 inova\u00e7\u00e3o e ao movimento. Nosso site re\u00fane conte\u00fados&#8230;<\/p>","protected":false},"author":1,"featured_media":0,"parent":0,"menu_order":0,"comment_status":"closed","ping_status":"closed","template":"","meta":{"footnotes":""},"class_list":["post-9","page","type-page","status-publish","hentry","entry"],"_links":{"self":[{"href":"https:\/\/zattasports.com\/fi\/wp-json\/wp\/v2\/pages\/9","targetHints":{"allow":["GET"]}}],"collection":[{"href":"https:\/\/zattasports.com\/fi\/wp-json\/wp\/v2\/pages"}],"about":[{"href":"https:\/\/zattasports.com\/fi\/wp-json\/wp\/v2\/types\/page"}],"author":[{"embeddable":true,"href":"https:\/\/zattasports.com\/fi\/wp-json\/wp\/v2\/users\/1"}],"replies":[{"embeddable":true,"href":"https:\/\/zattasports.com\/fi\/wp-json\/wp\/v2\/comments?post=9"}],"version-history":[{"count":5,"href":"https:\/\/zattasports.com\/fi\/wp-json\/wp\/v2\/pages\/9\/revisions"}],"predecessor-version":[{"id":3628,"href":"https:\/\/zattasports.com\/fi\/wp-json\/wp\/v2\/pages\/9\/revisions\/3628"}],"wp:attachment":[{"href":"https:\/\/zattasports.com\/fi\/wp-json\/wp\/v2\/media?parent=9"}],"curies":[{"name":"wp","href":"https:\/\/api.w.org\/{rel}","templated":true}]}}