{"id":3,"date":"2023-12-12T02:11:12","date_gmt":"2023-12-12T02:11:12","guid":{"rendered":"https:\/\/zattasports.com\/?page_id=3"},"modified":"2026-01-08T15:56:36","modified_gmt":"2026-01-08T18:56:36","slug":"privacy-policy","status":"publish","type":"page","link":"https:\/\/zattasports.com\/es\/privacy-policy\/","title":{"rendered":"pol\u00edtica de privacidad"},"content":{"rendered":"<p>Su privacidad es muy importante para nosotros. Esta Pol\u00edtica de Privacidad explica c\u00f3mo recopilamos, usamos y protegemos sus datos personales en nuestro sitio web. <strong>zattasports.com<\/strong> y en otras plataformas que poseemos y operamos.<\/p>\n\n\n\n<p>Al utilizar nuestro sitio web, usted acepta las pr\u00e1cticas descritas en esta pol\u00edtica.<\/p>\n\n\n\n<h2 class=\"wp-block-heading\">1. Recopilaci\u00f3n y uso de informaci\u00f3n personal<\/h2>\n\n\n\n<p>Solo solicitamos informaci\u00f3n personal cuando es realmente necesario para proporcionar un servicio o una funci\u00f3n.<br>Los datos se recogen por medios legales y transparentes, siempre con su conocimiento.<\/p>\n\n\n\n<p>Le informaremos sobre la finalidad de la recopilaci\u00f3n de datos, c\u00f3mo se utilizar\u00e1n los datos y durante cu\u00e1nto tiempo se almacenar\u00e1n.<br>Los datos se conservan \u00fanicamente durante el tiempo necesario para:<\/p>\n\n\n\n<ul class=\"wp-block-list\">\n<li>Procesar pedidos<\/li>\n\n\n\n<li>Administrar cuentas de usuario<\/li>\n\n\n\n<li>Enviar comunicaciones autorizadas<\/li>\n\n\n\n<li>Cumplir con las obligaciones legales<\/li>\n<\/ul>\n\n\n\n<p>Hemos implementado medidas t\u00e9cnicas y administrativas para proteger su informaci\u00f3n contra p\u00e9rdida, robo, acceso no autorizado, divulgaci\u00f3n o alteraci\u00f3n.<\/p>\n\n\n\n<p>No compartimos informaci\u00f3n personal p\u00fablicamente ni con terceros, excepto cuando lo exige la ley.<\/p>\n\n\n\n<h2 class=\"wp-block-heading\">2. Derechos del usuario (Seg\u00fan la LGPD)<\/h2>\n\n\n\n<p>De conformidad con el Reglamento General de Protecci\u00f3n de Datos (RGPD \u2013 Ley n.\u00ba 13.709\/2018), usted tiene derecho a:<\/p>\n\n\n\n<ul class=\"wp-block-list\">\n<li>Acceda a sus datos personales<\/li>\n\n\n\n<li>Corrija la informaci\u00f3n incompleta o desactualizada.<\/li>\n\n\n\n<li>Solicita la eliminaci\u00f3n de tus datos.<\/li>\n\n\n\n<li>Solicitar la portabilidad de los datos.<\/li>\n\n\n\n<li>Puede retirar su consentimiento en cualquier momento.<\/li>\n\n\n\n<li>Reciba informaci\u00f3n clara sobre c\u00f3mo se utilizan sus datos.<\/li>\n<\/ul>\n\n\n\n<p>Para ejercer cualquiera de estos derechos, simplemente p\u00f3ngase en contacto con nosotros a trav\u00e9s del canal oficial que aparece a continuaci\u00f3n.<\/p>\n\n\n\n<h2 class=\"wp-block-heading\">3. Canal de contacto oficial<\/h2>\n\n\n\n<p>Si tiene alguna pregunta sobre privacidad, uso de datos, solicitudes de eliminaci\u00f3n o cualquier otro asunto relacionado con esta pol\u00edtica, p\u00f3ngase en contacto con nosotros:<\/p>\n\n\n\n<p>\ud83d\udce7 Correo electr\u00f3nico: <strong><a>gino@matterads.com<\/a><\/strong><\/p>\n\n\n\n<p>Nos comprometemos a responder a todas las solicitudes dentro de los plazos establecidos por la LGPD (Ley General de Protecci\u00f3n de Datos de Brasil).<\/p>\n\n\n\n<h2 class=\"wp-block-heading\">4. Transparencia con los servicios de Google (Obligatorio)<\/h2>\n\n\n\n<p>Nuestro sitio web utiliza tecnolog\u00edas de publicidad y an\u00e1lisis proporcionadas por Google.<br>Para garantizar una transparencia total, proporcionamos los enlaces obligatorios exigidos por las pol\u00edticas de Google:<\/p>\n\n\n\n<p>Pol\u00edtica de sitios asociados de Google:<br><a href=\"https:\/\/policies.google.com\/technologies\/partner-sites\">https:\/\/policies.google.com\/technologies\/partner-sites<\/a><\/p>\n\n\n\n<p>Configuraci\u00f3n de anuncios de Google \/ Exclusi\u00f3n voluntaria:<br><a href=\"https:\/\/www.google.com\/settings\/ads\">https:\/\/www.google.com\/settings\/ads<\/a><\/p>\n\n\n\n<p>Estos enlaces te permiten controlar c\u00f3mo se utilizan tus datos para la personalizaci\u00f3n de anuncios.<\/p>\n\n\n\n<h2 class=\"wp-block-heading\">5. Pol\u00edtica de cookies<\/h2>\n\n\n\n<p>Nuestro sitio web utiliza cookies para mejorar su experiencia de navegaci\u00f3n.<br>Las cookies son peque\u00f1os archivos de texto que se almacenan en tu dispositivo y que ayudan a recordar preferencias, mantener sesiones de inicio de sesi\u00f3n, analizar el uso y mostrar anuncios relevantes.<\/p>\n\n\n\n<h3 class=\"wp-block-heading\">C\u00f3mo utilizamos las cookies<\/h3>\n\n\n\n<p>Utilizamos cookies para:<\/p>\n\n\n\n<ul class=\"wp-block-list\">\n<li>Autenticar usuarios y mantener sesiones.<\/li>\n\n\n\n<li>Habilitar las funcionalidades del carrito de compras y del proceso de pago.<\/li>\n\n\n\n<li>Recordar las preferencias del usuario<\/li>\n\n\n\n<li>Analizar el comportamiento de navegaci\u00f3n<\/li>\n\n\n\n<li>Mejorar las campa\u00f1as de marketing<\/li>\n\n\n\n<li>Pruebas de nuevas funciones (pruebas A\/B)<\/li>\n<\/ul>\n\n\n\n<h3 class=\"wp-block-heading\">Deshabilitar las cookies<\/h3>\n\n\n\n<p>Puedes desactivar las cookies en la configuraci\u00f3n de tu navegador.<br>Sin embargo, esto puede afectar a funcionalidades esenciales del sitio web.<\/p>\n\n\n\n<h2 class=\"wp-block-heading\">6. Cookies de terceros (Google, redes sociales y otros servicios)<\/h2>\n\n\n\n<p>Podemos utilizar cookies de terceros de confianza, entre los que se incluyen:<\/p>\n\n\n\n<h3 class=\"wp-block-heading\">Google Analytics y Google Ads<\/h3>\n\n\n\n<p>Utilizamos cookies de Google para:<\/p>\n\n\n\n<ul class=\"wp-block-list\">\n<li>Medir el tr\u00e1fico y el comportamiento de los usuarios.<\/li>\n\n\n\n<li>Mostrar anuncios personalizados<\/li>\n\n\n\n<li>Mejorar la experiencia del usuario.<\/li>\n<\/ul>\n\n\n\n<p>M\u00e1s informaci\u00f3n sobre las cookies de Google:<br><a href=\"https:\/\/policies.google.com\/technologies\/cookies\">https:\/\/policies.google.com\/technologies\/cookies<\/a><\/p>\n\n\n\n<h3 class=\"wp-block-heading\">Redes sociales y plataformas publicitarias<\/h3>\n\n\n\n<p>Las cookies tambi\u00e9n pueden ser utilizadas por:<\/p>\n\n\n\n<ul class=\"wp-block-list\">\n<li>P\u00edxel de Facebook<\/li>\n\n\n\n<li>Instagram<\/li>\n\n\n\n<li>TikTok<\/li>\n\n\n\n<li>Pinterest<\/li>\n\n\n\n<li>Otros servicios de an\u00e1lisis y remarketing<\/li>\n<\/ul>\n\n\n\n<p>Cada plataforma tiene su propia pol\u00edtica de privacidad.<\/p>\n\n\n\n<h2 class=\"wp-block-heading\">7. Enlaces externos<\/h2>\n\n\n\n<p>Nuestro sitio web puede contener enlaces a sitios web de terceros que no son operados por nosotros.<br>No nos hacemos responsables de las pr\u00e1cticas de privacidad ni del contenido de estos sitios web externos.<\/p>\n\n\n\n<h2 class=\"wp-block-heading\">8. Aceptaci\u00f3n de esta Pol\u00edtica<\/h2>\n\n\n\n<p>Al continuar utilizando nuestro sitio web, usted reconoce y acepta esta Pol\u00edtica de Privacidad y el uso de cookies tal como se describe.<\/p>\n\n\n\n<h2 class=\"wp-block-heading\">9. Actualizaciones de pol\u00edticas<\/h2>\n\n\n\n<p>Podemos actualizar esta Pol\u00edtica de Privacidad en cualquier momento. La versi\u00f3n m\u00e1s reciente siempre estar\u00e1 disponible en esta p\u00e1gina.<\/p>\n\n\n\n<h2 class=\"wp-block-heading\">10. Uso de la inteligencia artificial<\/h2>\n\n\n\n<p>EL <strong>zattasports.com<\/strong> Puedes utilizar herramientas de inteligencia artificial (IA) como recurso de apoyo en la producci\u00f3n, organizaci\u00f3n y revisi\u00f3n de tu contenido. Estas herramientas se utilizan para mejorar la eficiencia, la claridad y la coherencia de nuestros materiales editoriales.<\/p>\n\n\n\n<p>La tecnolog\u00eda de IA no reemplaza el juicio humano ni la supervisi\u00f3n editorial. Todo el contenido publicado en <strong>zattasports.com<\/strong> Es revisado, validado y aprobado por un editor humano para garantizar su precisi\u00f3n, relevancia y conformidad con nuestros est\u00e1ndares de calidad.<\/p>\n\n\n\n<p>Nos comprometemos a mantener pr\u00e1cticas de contenido responsables y transparentes. El uso de la IA se limita a funciones de apoyo y no compromete nuestra integridad editorial, originalidad ni responsabilidad.<\/p>","protected":false},"excerpt":{"rendered":"<p>Sua privacidade \u00e9 muito importante para n\u00f3s. Esta Pol\u00edtica de Privacidade explica como coletamos, usamos e protegemos seus dados pessoais em nosso&#8230;<\/p>","protected":false},"author":1,"featured_media":0,"parent":0,"menu_order":0,"comment_status":"closed","ping_status":"closed","template":"","meta":{"footnotes":""},"class_list":["post-3","page","type-page","status-publish","hentry","entry"],"_links":{"self":[{"href":"https:\/\/zattasports.com\/es\/wp-json\/wp\/v2\/pages\/3","targetHints":{"allow":["GET"]}}],"collection":[{"href":"https:\/\/zattasports.com\/es\/wp-json\/wp\/v2\/pages"}],"about":[{"href":"https:\/\/zattasports.com\/es\/wp-json\/wp\/v2\/types\/page"}],"author":[{"embeddable":true,"href":"https:\/\/zattasports.com\/es\/wp-json\/wp\/v2\/users\/1"}],"replies":[{"embeddable":true,"href":"https:\/\/zattasports.com\/es\/wp-json\/wp\/v2\/comments?post=3"}],"version-history":[{"count":9,"href":"https:\/\/zattasports.com\/es\/wp-json\/wp\/v2\/pages\/3\/revisions"}],"predecessor-version":[{"id":3385,"href":"https:\/\/zattasports.com\/es\/wp-json\/wp\/v2\/pages\/3\/revisions\/3385"}],"wp:attachment":[{"href":"https:\/\/zattasports.com\/es\/wp-json\/wp\/v2\/media?parent=3"}],"curies":[{"name":"wp","href":"https:\/\/api.w.org\/{rel}","templated":true}]}}